{"id":1146,"date":"2023-04-19T12:02:39","date_gmt":"2023-04-19T12:02:39","guid":{"rendered":"https:\/\/econsultoria.net\/antenas\/?page_id=1146"},"modified":"2023-04-19T12:02:41","modified_gmt":"2023-04-19T12:02:41","slug":"reparacion-de-videoporteros","status":"publish","type":"page","link":"https:\/\/www.antenascasanova.com\/es\/reparacion-de-videoporteros\/","title":{"rendered":"Reparaci\u00f3n de videoporteros"},"content":{"rendered":"","protected":false},"excerpt":{"rendered":"","protected":false},"author":1,"featured_media":0,"parent":0,"menu_order":0,"comment_status":"closed","ping_status":"closed","template":"landing.php","meta":{"footnotes":""},"class_list":["post-1146","page","type-page","status-publish","hentry"],"yoast_head":"<!-- This site is optimized with the Yoast SEO Premium plugin v26.3 (Yoast SEO v26.6) - https:\/\/yoast.com\/wordpress\/plugins\/seo\/ -->\n<title>Reparaci\u00f3n de videoporteros - Casanova Teleco<\/title>\n<meta name=\"robots\" content=\"index, follow, max-snippet:-1, max-image-preview:large, max-video-preview:-1\" \/>\n<link rel=\"canonical\" href=\"https:\/\/www.antenascasanova.com\/es\/reparacion-de-videoporteros\/\" \/>\n<meta property=\"og:locale\" content=\"es_ES\" \/>\n<meta property=\"og:type\" content=\"article\" \/>\n<meta property=\"og:title\" content=\"Reparaci\u00f3n de videoporteros\" \/>\n<meta property=\"og:url\" content=\"https:\/\/www.antenascasanova.com\/es\/reparacion-de-videoporteros\/\" \/>\n<meta property=\"og:site_name\" content=\"Casanova Teleco\" \/>\n<meta property=\"article:modified_time\" content=\"2023-04-19T12:02:41+00:00\" \/>\n<script type=\"application\/ld+json\" class=\"yoast-schema-graph\">{\"@context\":\"https:\/\/schema.org\",\"@graph\":[{\"@type\":\"WebPage\",\"@id\":\"https:\/\/www.antenascasanova.com\/es\/reparacion-de-videoporteros\/\",\"url\":\"https:\/\/www.antenascasanova.com\/es\/reparacion-de-videoporteros\/\",\"name\":\"Reparaci\u00f3n de videoporteros - Casanova Teleco\",\"isPartOf\":{\"@id\":\"https:\/\/www.antenascasanova.com\/es\/#website\"},\"datePublished\":\"2023-04-19T12:02:39+00:00\",\"dateModified\":\"2023-04-19T12:02:41+00:00\",\"breadcrumb\":{\"@id\":\"https:\/\/www.antenascasanova.com\/es\/reparacion-de-videoporteros\/#breadcrumb\"},\"inLanguage\":\"es\",\"potentialAction\":[{\"@type\":\"ReadAction\",\"target\":[\"https:\/\/www.antenascasanova.com\/es\/reparacion-de-videoporteros\/\"]}]},{\"@type\":\"BreadcrumbList\",\"@id\":\"https:\/\/www.antenascasanova.com\/es\/reparacion-de-videoporteros\/#breadcrumb\",\"itemListElement\":[{\"@type\":\"ListItem\",\"position\":1,\"name\":\"Home\",\"item\":\"https:\/\/www.antenascasanova.com\/es\/\"},{\"@type\":\"ListItem\",\"position\":2,\"name\":\"Reparaci\u00f3n de videoporteros\"}]},{\"@type\":\"WebSite\",\"@id\":\"https:\/\/www.antenascasanova.com\/es\/#website\",\"url\":\"https:\/\/www.antenascasanova.com\/es\/\",\"name\":\"Casanova Teleco\",\"description\":\"Instalaci\u00f3n y reparaci\u00f3n de antenas de todo tipo, TDT, porteros, video porteros, cctv, controles de acceso, alarmas y dom\u00f3tica\",\"publisher\":{\"@id\":\"https:\/\/www.antenascasanova.com\/es\/#organization\"},\"potentialAction\":[{\"@type\":\"SearchAction\",\"target\":{\"@type\":\"EntryPoint\",\"urlTemplate\":\"https:\/\/www.antenascasanova.com\/es\/?s={search_term_string}\"},\"query-input\":{\"@type\":\"PropertyValueSpecification\",\"valueRequired\":true,\"valueName\":\"search_term_string\"}}],\"inLanguage\":\"es\"},{\"@type\":\"Organization\",\"@id\":\"https:\/\/www.antenascasanova.com\/es\/#organization\",\"name\":\"Casanova Teleco\",\"url\":\"https:\/\/www.antenascasanova.com\/es\/\",\"logo\":{\"@type\":\"ImageObject\",\"inLanguage\":\"es\",\"@id\":\"https:\/\/www.antenascasanova.com\/es\/#\/schema\/logo\/image\/\",\"url\":\"https:\/\/www.antenascasanova.com\/wp-content\/uploads\/2025\/05\/Antenas-Casanova.png\",\"contentUrl\":\"https:\/\/www.antenascasanova.com\/wp-content\/uploads\/2025\/05\/Antenas-Casanova.png\",\"width\":487,\"height\":195,\"caption\":\"Casanova Teleco\"},\"image\":{\"@id\":\"https:\/\/www.antenascasanova.com\/es\/#\/schema\/logo\/image\/\"}}]}<\/script>\n<!-- \/ Yoast SEO Premium plugin. -->","yoast_head_json":{"title":"Reparaci\u00f3n de videoporteros - Casanova Teleco","robots":{"index":"index","follow":"follow","max-snippet":"max-snippet:-1","max-image-preview":"max-image-preview:large","max-video-preview":"max-video-preview:-1"},"canonical":"https:\/\/www.antenascasanova.com\/es\/reparacion-de-videoporteros\/","og_locale":"es_ES","og_type":"article","og_title":"Reparaci\u00f3n de videoporteros","og_url":"https:\/\/www.antenascasanova.com\/es\/reparacion-de-videoporteros\/","og_site_name":"Casanova Teleco","article_modified_time":"2023-04-19T12:02:41+00:00","schema":{"@context":"https:\/\/schema.org","@graph":[{"@type":"WebPage","@id":"https:\/\/www.antenascasanova.com\/es\/reparacion-de-videoporteros\/","url":"https:\/\/www.antenascasanova.com\/es\/reparacion-de-videoporteros\/","name":"Reparaci\u00f3n de videoporteros - Casanova Teleco","isPartOf":{"@id":"https:\/\/www.antenascasanova.com\/es\/#website"},"datePublished":"2023-04-19T12:02:39+00:00","dateModified":"2023-04-19T12:02:41+00:00","breadcrumb":{"@id":"https:\/\/www.antenascasanova.com\/es\/reparacion-de-videoporteros\/#breadcrumb"},"inLanguage":"es","potentialAction":[{"@type":"ReadAction","target":["https:\/\/www.antenascasanova.com\/es\/reparacion-de-videoporteros\/"]}]},{"@type":"BreadcrumbList","@id":"https:\/\/www.antenascasanova.com\/es\/reparacion-de-videoporteros\/#breadcrumb","itemListElement":[{"@type":"ListItem","position":1,"name":"Home","item":"https:\/\/www.antenascasanova.com\/es\/"},{"@type":"ListItem","position":2,"name":"Reparaci\u00f3n de videoporteros"}]},{"@type":"WebSite","@id":"https:\/\/www.antenascasanova.com\/es\/#website","url":"https:\/\/www.antenascasanova.com\/es\/","name":"Casanova Teleco","description":"Instalaci\u00f3n y reparaci\u00f3n de antenas de todo tipo, TDT, porteros, video porteros, cctv, controles de acceso, alarmas y dom\u00f3tica","publisher":{"@id":"https:\/\/www.antenascasanova.com\/es\/#organization"},"potentialAction":[{"@type":"SearchAction","target":{"@type":"EntryPoint","urlTemplate":"https:\/\/www.antenascasanova.com\/es\/?s={search_term_string}"},"query-input":{"@type":"PropertyValueSpecification","valueRequired":true,"valueName":"search_term_string"}}],"inLanguage":"es"},{"@type":"Organization","@id":"https:\/\/www.antenascasanova.com\/es\/#organization","name":"Casanova Teleco","url":"https:\/\/www.antenascasanova.com\/es\/","logo":{"@type":"ImageObject","inLanguage":"es","@id":"https:\/\/www.antenascasanova.com\/es\/#\/schema\/logo\/image\/","url":"https:\/\/www.antenascasanova.com\/wp-content\/uploads\/2025\/05\/Antenas-Casanova.png","contentUrl":"https:\/\/www.antenascasanova.com\/wp-content\/uploads\/2025\/05\/Antenas-Casanova.png","width":487,"height":195,"caption":"Casanova Teleco"},"image":{"@id":"https:\/\/www.antenascasanova.com\/es\/#\/schema\/logo\/image\/"}}]}},"_links":{"self":[{"href":"https:\/\/www.antenascasanova.com\/es\/wp-json\/wp\/v2\/pages\/1146","targetHints":{"allow":["GET"]}}],"collection":[{"href":"https:\/\/www.antenascasanova.com\/es\/wp-json\/wp\/v2\/pages"}],"about":[{"href":"https:\/\/www.antenascasanova.com\/es\/wp-json\/wp\/v2\/types\/page"}],"author":[{"embeddable":true,"href":"https:\/\/www.antenascasanova.com\/es\/wp-json\/wp\/v2\/users\/1"}],"replies":[{"embeddable":true,"href":"https:\/\/www.antenascasanova.com\/es\/wp-json\/wp\/v2\/comments?post=1146"}],"version-history":[{"count":2,"href":"https:\/\/www.antenascasanova.com\/es\/wp-json\/wp\/v2\/pages\/1146\/revisions"}],"predecessor-version":[{"id":1148,"href":"https:\/\/www.antenascasanova.com\/es\/wp-json\/wp\/v2\/pages\/1146\/revisions\/1148"}],"wp:attachment":[{"href":"https:\/\/www.antenascasanova.com\/es\/wp-json\/wp\/v2\/media?parent=1146"}],"curies":[{"name":"wp","href":"https:\/\/api.w.org\/{rel}","templated":true}]}}