{"id":3764,"date":"2025-11-09T17:22:01","date_gmt":"2025-11-09T17:22:01","guid":{"rendered":"https:\/\/www.antenascasanova.com\/contacto\/"},"modified":"2025-11-21T17:03:23","modified_gmt":"2025-11-21T17:03:23","slug":"contacto","status":"publish","type":"page","link":"https:\/\/www.antenascasanova.com\/es\/contacto\/","title":{"rendered":"Contacto"},"content":{"rendered":"\n<div class=\"wp-block-group alignfull is-style-section-1 has-custom-azul-background-color has-background has-global-padding is-layout-constrained wp-container-core-group-is-layout-f63238f3 wp-block-group-is-layout-constrained\" id=\"cont\" style=\"margin-top:0;margin-bottom:0;padding-top:var(--wp--preset--spacing--20);padding-right:var(--wp--preset--spacing--30);padding-bottom:var(--wp--preset--spacing--20);padding-left:var(--wp--preset--spacing--30)\">\n<div class=\"wp-block-group alignwide is-layout-flow wp-block-group-is-layout-flow\">\n<div class=\"wp-block-columns alignwide is-layout-flex wp-container-core-columns-is-layout-66fad18a wp-block-columns-is-layout-flex\">\n<div class=\"wp-block-column is-vertically-aligned-center is-layout-flow wp-block-column-is-layout-flow\" style=\"flex-basis:55%\">\n<div class=\"wp-block-group is-vertical is-content-justification-center is-layout-flex wp-container-core-group-is-layout-81773bbc wp-block-group-is-layout-flex\" style=\"min-height:100%\">\n<div class=\"wp-block-group has-global-padding is-layout-constrained wp-container-core-group-is-layout-92b9201d wp-block-group-is-layout-constrained\">\n<h2 class=\"wp-block-heading has-text-align-center has-base-2-color has-text-color has-link-color has-xx-large-font-size wp-elements-010103af4d5b21b619b58c657a4cb34c\"><br>\u00bfNecesitas ayuda?<\/h2>\n\n\n\n<p class=\"has-text-align-center is-style-text-subtitle has-base-color has-text-color has-link-color wp-elements-862fa9cf7d0221b8c5cc8a28f07ee802\">No dudes m\u00e1s y contacta con nosotros.<\/p>\n\n\n\n<p class=\"has-text-align-center is-style-text-subtitle has-base-color has-text-color has-link-color wp-elements-61cbe61ade774b0ad0476574ceb86757\">Te ayudaremos en todo lo que sea necesario.<\/p>\n<\/div>\n\n\n\n<div class=\"wp-block-group is-vertical is-content-justification-center is-layout-flex wp-container-core-group-is-layout-ce155fab wp-block-group-is-layout-flex\">\n<div style=\"margin-top:var(--wp--preset--spacing--20);margin-bottom:var(--wp--preset--spacing--20)\" aria-hidden=\"true\" class=\"wp-block-spacer\"><\/div>\n\n\n\n<div class=\"wp-block-columns are-vertically-aligned-center is-layout-flex wp-container-core-columns-is-layout-ea69a204 wp-block-columns-is-layout-flex\">\n<div class=\"wp-block-column is-vertically-aligned-center is-layout-flow wp-block-column-is-layout-flow\">\n<div class=\"wp-block-buttons is-horizontal is-content-justification-center is-layout-flex wp-container-core-buttons-is-layout-bd4c8f23 wp-block-buttons-is-layout-flex\">\n<div class=\"wp-block-button has-custom-width wp-block-button__width-100 boton-llamada\"><a class=\"wp-block-button__link has-white-color has-custom-naranja-flojo-background-color has-text-color has-background has-custom-font-size wp-element-button\" href=\"tel:+34618522577\" style=\"padding-top:24px;padding-right:48px;padding-bottom:24px;padding-left:48px;font-size:11px;font-style:normal;font-weight:500;letter-spacing:0px;text-transform:uppercase\">LLAMAR<\/a><\/div>\n<\/div>\n<\/div>\n\n\n\n<div class=\"wp-block-column is-vertically-aligned-center is-layout-flow wp-block-column-is-layout-flow\">\n<div class=\"wp-block-buttons is-horizontal is-content-justification-center is-layout-flex wp-container-core-buttons-is-layout-bd4c8f23 wp-block-buttons-is-layout-flex\">\n<div class=\"wp-block-button has-custom-width wp-block-button__width-100 boton-llamada\"><a class=\"wp-block-button__link has-white-color has-custom-naranja-flojo-background-color has-text-color has-background has-custom-font-size wp-element-button\" href=\"#form\" style=\"padding-top:24px;padding-right:48px;padding-bottom:24px;padding-left:48px;font-size:11px;font-style:normal;font-weight:500;letter-spacing:0px;text-transform:uppercase\">EMAIL<\/a><\/div>\n<\/div>\n<\/div>\n\n\n\n<div class=\"wp-block-column is-vertically-aligned-center is-layout-flow wp-block-column-is-layout-flow\">\n<div class=\"wp-block-buttons is-horizontal is-content-justification-center is-layout-flex wp-container-core-buttons-is-layout-0a71b0e2 wp-block-buttons-is-layout-flex\">\n<div class=\"wp-block-button has-custom-width wp-block-button__width-100 boton-llamada\"><a class=\"wp-block-button__link has-white-color has-custom-naranja-flojo-background-color has-text-color has-background has-text-align-center has-custom-font-size wp-element-button\" href=\"https:\/\/api.whatsapp.com\/send\/?phone=34618522577&amp;text=Hola+Antenas+Casanova...&amp;type=phone_number&amp;app_absent=0\" style=\"padding-top:24px;padding-right:48px;padding-bottom:24px;padding-left:48px;font-size:11px;font-style:normal;font-weight:500;letter-spacing:0px;text-transform:uppercase\" target=\"_blank\" rel=\"noreferrer noopener\">WhatsApp<\/a><\/div>\n<\/div>\n<\/div>\n<\/div>\n<\/div>\n<\/div>\n<\/div>\n\n\n\n<div class=\"wp-block-column is-vertically-aligned-top is-layout-flow wp-block-column-is-layout-flow\" style=\"flex-basis:45%\">\n<figure class=\"wp-block-image size-full\"><img decoding=\"async\" width=\"1024\" height=\"1024\" src=\"https:\/\/www.antenascasanova.com\/wp-content\/uploads\/2025\/11\/contacta-con-nosotros.webp\" alt=\"Persona de contacto de empresa de antenas\" class=\"wp-image-3616\" style=\"aspect-ratio:1;object-fit:cover\" srcset=\"https:\/\/www.antenascasanova.com\/wp-content\/uploads\/2025\/11\/contacta-con-nosotros.webp 1024w, https:\/\/www.antenascasanova.com\/wp-content\/uploads\/2025\/11\/contacta-con-nosotros-300x300.webp 300w, https:\/\/www.antenascasanova.com\/wp-content\/uploads\/2025\/11\/contacta-con-nosotros-150x150.webp 150w, https:\/\/www.antenascasanova.com\/wp-content\/uploads\/2025\/11\/contacta-con-nosotros-768x768.webp 768w\" sizes=\"(max-width: 1024px) 100vw, 1024px\" \/><\/figure>\n<\/div>\n<\/div>\n<\/div>\n<\/div>\n\n\n\n<div class=\"wp-block-group alignfull has-custom-fondo-roto-background-color has-background has-global-padding is-layout-constrained wp-block-group-is-layout-constrained\" id=\"form\" style=\"margin-top:0;margin-bottom:0;padding-top:var(--wp--preset--spacing--60);padding-bottom:var(--wp--preset--spacing--60)\">\n<div class=\"wp-block-columns alignwide is-layout-flex wp-container-core-columns-is-layout-28f84493 wp-block-columns-is-layout-flex\">\n<div class=\"wp-block-column is-layout-flow wp-block-column-is-layout-flow\">\n<h2 class=\"wp-block-heading alignwide has-text-align-center\"><strong>\u00bfNecesitas un <mark style=\"background-color:rgba(0, 0, 0, 0)\" class=\"has-inline-color has-custom-naranja-flojo-color\">presupuesto personalizado?<\/mark><\/strong><\/h2>\n\n\n<div class=\"forminator-ui forminator-custom-form forminator-custom-form-4148 forminator-design--default  \" data-forminator-render=\"0\" data-form=\"forminator-module-4148\" data-uid=\"69e498163826d\"><br\/><\/div><form\n\t\t\t\tid=\"forminator-module-4148\"\n\t\t\t\tclass=\"forminator-ui forminator-custom-form forminator-custom-form-4148 forminator-design--default  \"\n\t\t\t\tmethod=\"post\"\n\t\t\t\tdata-forminator-render=\"0\"\n\t\t\t\tdata-form-id=\"4148\"\n\t\t\t\t data-color-option=\"theme\" data-design=\"default\" data-grid=\"open\" style=\"display: none;\"\n\t\t\t\tdata-uid=\"69e498163826d\"\n\t\t\t><div role=\"alert\" aria-live=\"polite\" class=\"forminator-response-message forminator-error\" aria-hidden=\"true\"><\/div><div class=\"forminator-row\"><div id=\"name-1\" class=\"forminator-field-name forminator-col forminator-col-12 \"><div class=\"forminator-field\"><label for=\"forminator-field-name-1_69e498163826d\" id=\"forminator-field-name-1_69e498163826d-label\" class=\"forminator-label\">Nombre <span class=\"forminator-required\">*<\/span><\/label><input type=\"text\" name=\"name-1\" value=\"\" placeholder=\"\" id=\"forminator-field-name-1_69e498163826d\" class=\"forminator-input forminator-name--field\" aria-required=\"true\" autocomplete=\"name\" \/><\/div><\/div><\/div><div class=\"forminator-row\"><div id=\"email-1\" class=\"forminator-field-email forminator-col forminator-col-12 \"><div class=\"forminator-field\"><label for=\"forminator-field-email-1_69e498163826d\" id=\"forminator-field-email-1_69e498163826d-label\" class=\"forminator-label\">Direcci\u00f3n electr\u00f3nica <span class=\"forminator-required\">*<\/span><\/label><input type=\"email\" name=\"email-1\" value=\"\" placeholder=\"\" id=\"forminator-field-email-1_69e498163826d\" class=\"forminator-input forminator-email--field\" data-required=\"true\" aria-required=\"true\" autocomplete=\"email\" \/><\/div><\/div><\/div><div class=\"forminator-row\"><div id=\"phone-1\" class=\"forminator-field-phone forminator-col forminator-col-12 \"><div class=\"forminator-field\"><label for=\"forminator-field-phone-1_69e498163826d\" id=\"forminator-field-phone-1_69e498163826d-label\" class=\"forminator-label\">N\u00famero de tel\u00e9fono<\/label><input type=\"text\" name=\"phone-1\" value=\"\" placeholder=\"\" id=\"forminator-field-phone-1_69e498163826d\" class=\"forminator-input forminator-field--phone\" data-required=\"\" aria-required=\"false\" autocomplete=\"off\" \/><\/div><\/div><\/div><div class=\"forminator-row\"><div id=\"textarea-1\" class=\"forminator-field-textarea forminator-col forminator-col-12 \"><div class=\"forminator-field\"><label for=\"forminator-field-textarea-1_69e498163826d\" id=\"forminator-field-textarea-1_69e498163826d-label\" class=\"forminator-label\">Mensaje<\/label><span id=\"forminator-field-textarea-1_69e498163826d-description\" class=\"forminator-description\"><span data-limit=\"180\" data-type=\"characters\" data-editor=\"\">0 \/ 180<\/span><\/span><textarea name=\"textarea-1\" placeholder=\"\" id=\"forminator-field-textarea-1_69e498163826d\" class=\"forminator-textarea\" rows=\"6\" style=\"min-height:140px;\" maxlength=\"180\" ><\/textarea><\/div><\/div><\/div><div class=\"forminator-row\" style=\"margin: 0;\"><div id=\"captcha-1\" class=\"forminator-field-captcha  forminator-col-12 \"><div class=\"forminator-captcha-left forminator-g-recaptcha recaptcha-invisible\" data-theme=\"light\" data-badge=\"bottomright\" data-sitekey=\"6LfqvXArAAAAAPHlQ7s0uHi30JB-aLyk7m27asDv\" data-size=\"invisible\"><\/div> <\/div><\/div><div class=\"forminator-row forminator-hidden\"><div id=\"hidden-1\" class=\"forminator-field-hidden  forminator-col-12 \"><input type=\"hidden\" id=\"hidden-1_69e498163826d\" name=\"hidden-1\" value=\"\" \/><\/div><\/div><div class=\"forminator-row forminator-hidden\"><div id=\"hidden-2\" class=\"forminator-field-hidden  forminator-col-12 \"><input type=\"hidden\" id=\"hidden-2_69e498163826d\" name=\"hidden-2\" value=\"\" \/><\/div><\/div><div class=\"forminator-row forminator-hidden\"><div id=\"hidden-3\" class=\"forminator-field-hidden  forminator-col-12 \"><input type=\"hidden\" id=\"hidden-3_69e498163826d\" name=\"hidden-3\" value=\"\" \/><\/div><\/div><div class=\"forminator-row forminator-hidden\"><div id=\"hidden-4\" class=\"forminator-field-hidden  forminator-col-12 \"><input type=\"hidden\" id=\"hidden-4_69e498163826d\" name=\"hidden-4\" value=\"\" \/><\/div><\/div><div class=\"forminator-row forminator-hidden\"><div id=\"hidden-5\" class=\"forminator-field-hidden  forminator-col-12 \"><input type=\"hidden\" id=\"hidden-5_69e498163826d\" name=\"hidden-5\" value=\"\" \/><\/div><\/div><input type=\"hidden\" name=\"referer_url\" value=\"\" \/><div class=\"forminator-row forminator-row-last\"><div class=\"forminator-col\"><div class=\"forminator-field\"><button class=\"forminator-button forminator-button-submit\">Enviar<\/button><\/div><\/div><\/div><input type=\"hidden\" id=\"forminator_nonce\" name=\"forminator_nonce\" value=\"a8c50f5472\" \/><input type=\"hidden\" name=\"_wp_http_referer\" value=\"\/es\/wp-json\/wp\/v2\/pages\/3764\" \/><input type=\"hidden\" name=\"form_id\" value=\"4148\"><input type=\"hidden\" name=\"page_id\" value=\"3764\"><input type=\"hidden\" name=\"form_type\" value=\"default\"><input type=\"hidden\" name=\"current_url\" value=\"https:\/\/www.antenascasanova.com\/es\/contacto\/\"><input type=\"hidden\" name=\"render_id\" value=\"0\"><input type=\"hidden\" name=\"action\" value=\"forminator_submit_form_custom-forms\"><\/form>\n<\/div>\n<\/div>\n<\/div>\n","protected":false},"excerpt":{"rendered":"<p>\u00bfNecesitas ayuda? No dudes m\u00e1s y contacta con nosotros. Te ayudaremos en todo lo que sea necesario. \u00bfNecesitas un presupuesto personalizado?<\/p>\n","protected":false},"author":3,"featured_media":0,"parent":0,"menu_order":0,"comment_status":"closed","ping_status":"closed","template":"page-no-title","meta":{"footnotes":""},"class_list":["post-3764","page","type-page","status-publish","hentry"],"yoast_head":"<!-- This site is optimized with the Yoast SEO Premium plugin v26.3 (Yoast SEO v26.6) - https:\/\/yoast.com\/wordpress\/plugins\/seo\/ -->\n<title>Contacto - Casanova Teleco<\/title>\n<meta name=\"description\" content=\"\ud83d\udce1 Expertos en antenas, porteros, videoporteros, c\u00e1maras de seguridad y dom\u00f3tica. Instalaci\u00f3n y reparaci\u00f3n con garant\u00eda y servicio de proximidad.\" \/>\n<meta name=\"robots\" content=\"index, follow, max-snippet:-1, max-image-preview:large, max-video-preview:-1\" \/>\n<link rel=\"canonical\" href=\"https:\/\/www.antenascasanova.com\/es\/contacto\/\" \/>\n<meta property=\"og:locale\" content=\"es_ES\" \/>\n<meta property=\"og:type\" content=\"article\" \/>\n<meta property=\"og:title\" content=\"Contacto\" \/>\n<meta property=\"og:description\" content=\"\ud83d\udce1 Expertos en antenas, porteros, videoporteros, c\u00e1maras de seguridad y dom\u00f3tica. Instalaci\u00f3n y reparaci\u00f3n con garant\u00eda y servicio de proximidad.\" \/>\n<meta property=\"og:url\" content=\"https:\/\/www.antenascasanova.com\/es\/contacto\/\" \/>\n<meta property=\"og:site_name\" content=\"Casanova Teleco\" \/>\n<meta property=\"article:modified_time\" content=\"2025-11-21T17:03:23+00:00\" \/>\n<meta property=\"og:image\" content=\"https:\/\/www.antenascasanova.com\/wp-content\/uploads\/2025\/11\/contacta-con-nosotros.webp\" \/>\n\t<meta property=\"og:image:width\" content=\"1024\" \/>\n\t<meta property=\"og:image:height\" content=\"1024\" \/>\n\t<meta property=\"og:image:type\" content=\"image\/webp\" \/>\n<script type=\"application\/ld+json\" class=\"yoast-schema-graph\">{\"@context\":\"https:\/\/schema.org\",\"@graph\":[{\"@type\":\"WebPage\",\"@id\":\"https:\/\/www.antenascasanova.com\/es\/contacto\/\",\"url\":\"https:\/\/www.antenascasanova.com\/es\/contacto\/\",\"name\":\"Contacto - Casanova Teleco\",\"isPartOf\":{\"@id\":\"https:\/\/www.antenascasanova.com\/es\/#website\"},\"primaryImageOfPage\":{\"@id\":\"https:\/\/www.antenascasanova.com\/es\/contacto\/#primaryimage\"},\"image\":{\"@id\":\"https:\/\/www.antenascasanova.com\/es\/contacto\/#primaryimage\"},\"thumbnailUrl\":\"https:\/\/www.antenascasanova.com\/wp-content\/uploads\/2025\/11\/contacta-con-nosotros.webp\",\"datePublished\":\"2025-11-09T17:22:01+00:00\",\"dateModified\":\"2025-11-21T17:03:23+00:00\",\"description\":\"\ud83d\udce1 Expertos en antenas, porteros, videoporteros, c\u00e1maras de seguridad y dom\u00f3tica. Instalaci\u00f3n y reparaci\u00f3n con garant\u00eda y servicio de proximidad.\",\"breadcrumb\":{\"@id\":\"https:\/\/www.antenascasanova.com\/es\/contacto\/#breadcrumb\"},\"inLanguage\":\"es\",\"potentialAction\":[{\"@type\":\"ReadAction\",\"target\":[\"https:\/\/www.antenascasanova.com\/es\/contacto\/\"]}]},{\"@type\":\"ImageObject\",\"inLanguage\":\"es\",\"@id\":\"https:\/\/www.antenascasanova.com\/es\/contacto\/#primaryimage\",\"url\":\"https:\/\/www.antenascasanova.com\/wp-content\/uploads\/2025\/11\/contacta-con-nosotros.webp\",\"contentUrl\":\"https:\/\/www.antenascasanova.com\/wp-content\/uploads\/2025\/11\/contacta-con-nosotros.webp\"},{\"@type\":\"BreadcrumbList\",\"@id\":\"https:\/\/www.antenascasanova.com\/es\/contacto\/#breadcrumb\",\"itemListElement\":[{\"@type\":\"ListItem\",\"position\":1,\"name\":\"Home\",\"item\":\"https:\/\/www.antenascasanova.com\/es\/\"},{\"@type\":\"ListItem\",\"position\":2,\"name\":\"Contacto\"}]},{\"@type\":\"WebSite\",\"@id\":\"https:\/\/www.antenascasanova.com\/es\/#website\",\"url\":\"https:\/\/www.antenascasanova.com\/es\/\",\"name\":\"Casanova Teleco\",\"description\":\"Instalaci\u00f3n y reparaci\u00f3n de antenas de todo tipo, TDT, porteros, video porteros, cctv, controles de acceso, alarmas y dom\u00f3tica\",\"publisher\":{\"@id\":\"https:\/\/www.antenascasanova.com\/es\/#organization\"},\"potentialAction\":[{\"@type\":\"SearchAction\",\"target\":{\"@type\":\"EntryPoint\",\"urlTemplate\":\"https:\/\/www.antenascasanova.com\/es\/?s={search_term_string}\"},\"query-input\":{\"@type\":\"PropertyValueSpecification\",\"valueRequired\":true,\"valueName\":\"search_term_string\"}}],\"inLanguage\":\"es\"},{\"@type\":\"Organization\",\"@id\":\"https:\/\/www.antenascasanova.com\/es\/#organization\",\"name\":\"Casanova Teleco\",\"url\":\"https:\/\/www.antenascasanova.com\/es\/\",\"logo\":{\"@type\":\"ImageObject\",\"inLanguage\":\"es\",\"@id\":\"https:\/\/www.antenascasanova.com\/es\/#\/schema\/logo\/image\/\",\"url\":\"https:\/\/www.antenascasanova.com\/wp-content\/uploads\/2025\/05\/Antenas-Casanova.png\",\"contentUrl\":\"https:\/\/www.antenascasanova.com\/wp-content\/uploads\/2025\/05\/Antenas-Casanova.png\",\"width\":487,\"height\":195,\"caption\":\"Casanova Teleco\"},\"image\":{\"@id\":\"https:\/\/www.antenascasanova.com\/es\/#\/schema\/logo\/image\/\"}}]}<\/script>\n<!-- \/ Yoast SEO Premium plugin. -->","yoast_head_json":{"title":"Contacto - Casanova Teleco","description":"\ud83d\udce1 Expertos en antenas, porteros, videoporteros, c\u00e1maras de seguridad y dom\u00f3tica. Instalaci\u00f3n y reparaci\u00f3n con garant\u00eda y servicio de proximidad.","robots":{"index":"index","follow":"follow","max-snippet":"max-snippet:-1","max-image-preview":"max-image-preview:large","max-video-preview":"max-video-preview:-1"},"canonical":"https:\/\/www.antenascasanova.com\/es\/contacto\/","og_locale":"es_ES","og_type":"article","og_title":"Contacto","og_description":"\ud83d\udce1 Expertos en antenas, porteros, videoporteros, c\u00e1maras de seguridad y dom\u00f3tica. Instalaci\u00f3n y reparaci\u00f3n con garant\u00eda y servicio de proximidad.","og_url":"https:\/\/www.antenascasanova.com\/es\/contacto\/","og_site_name":"Casanova Teleco","article_modified_time":"2025-11-21T17:03:23+00:00","og_image":[{"width":1024,"height":1024,"url":"https:\/\/www.antenascasanova.com\/wp-content\/uploads\/2025\/11\/contacta-con-nosotros.webp","type":"image\/webp"}],"schema":{"@context":"https:\/\/schema.org","@graph":[{"@type":"WebPage","@id":"https:\/\/www.antenascasanova.com\/es\/contacto\/","url":"https:\/\/www.antenascasanova.com\/es\/contacto\/","name":"Contacto - Casanova Teleco","isPartOf":{"@id":"https:\/\/www.antenascasanova.com\/es\/#website"},"primaryImageOfPage":{"@id":"https:\/\/www.antenascasanova.com\/es\/contacto\/#primaryimage"},"image":{"@id":"https:\/\/www.antenascasanova.com\/es\/contacto\/#primaryimage"},"thumbnailUrl":"https:\/\/www.antenascasanova.com\/wp-content\/uploads\/2025\/11\/contacta-con-nosotros.webp","datePublished":"2025-11-09T17:22:01+00:00","dateModified":"2025-11-21T17:03:23+00:00","description":"\ud83d\udce1 Expertos en antenas, porteros, videoporteros, c\u00e1maras de seguridad y dom\u00f3tica. Instalaci\u00f3n y reparaci\u00f3n con garant\u00eda y servicio de proximidad.","breadcrumb":{"@id":"https:\/\/www.antenascasanova.com\/es\/contacto\/#breadcrumb"},"inLanguage":"es","potentialAction":[{"@type":"ReadAction","target":["https:\/\/www.antenascasanova.com\/es\/contacto\/"]}]},{"@type":"ImageObject","inLanguage":"es","@id":"https:\/\/www.antenascasanova.com\/es\/contacto\/#primaryimage","url":"https:\/\/www.antenascasanova.com\/wp-content\/uploads\/2025\/11\/contacta-con-nosotros.webp","contentUrl":"https:\/\/www.antenascasanova.com\/wp-content\/uploads\/2025\/11\/contacta-con-nosotros.webp"},{"@type":"BreadcrumbList","@id":"https:\/\/www.antenascasanova.com\/es\/contacto\/#breadcrumb","itemListElement":[{"@type":"ListItem","position":1,"name":"Home","item":"https:\/\/www.antenascasanova.com\/es\/"},{"@type":"ListItem","position":2,"name":"Contacto"}]},{"@type":"WebSite","@id":"https:\/\/www.antenascasanova.com\/es\/#website","url":"https:\/\/www.antenascasanova.com\/es\/","name":"Casanova Teleco","description":"Instalaci\u00f3n y reparaci\u00f3n de antenas de todo tipo, TDT, porteros, video porteros, cctv, controles de acceso, alarmas y dom\u00f3tica","publisher":{"@id":"https:\/\/www.antenascasanova.com\/es\/#organization"},"potentialAction":[{"@type":"SearchAction","target":{"@type":"EntryPoint","urlTemplate":"https:\/\/www.antenascasanova.com\/es\/?s={search_term_string}"},"query-input":{"@type":"PropertyValueSpecification","valueRequired":true,"valueName":"search_term_string"}}],"inLanguage":"es"},{"@type":"Organization","@id":"https:\/\/www.antenascasanova.com\/es\/#organization","name":"Casanova Teleco","url":"https:\/\/www.antenascasanova.com\/es\/","logo":{"@type":"ImageObject","inLanguage":"es","@id":"https:\/\/www.antenascasanova.com\/es\/#\/schema\/logo\/image\/","url":"https:\/\/www.antenascasanova.com\/wp-content\/uploads\/2025\/05\/Antenas-Casanova.png","contentUrl":"https:\/\/www.antenascasanova.com\/wp-content\/uploads\/2025\/05\/Antenas-Casanova.png","width":487,"height":195,"caption":"Casanova Teleco"},"image":{"@id":"https:\/\/www.antenascasanova.com\/es\/#\/schema\/logo\/image\/"}}]}},"_links":{"self":[{"href":"https:\/\/www.antenascasanova.com\/es\/wp-json\/wp\/v2\/pages\/3764","targetHints":{"allow":["GET"]}}],"collection":[{"href":"https:\/\/www.antenascasanova.com\/es\/wp-json\/wp\/v2\/pages"}],"about":[{"href":"https:\/\/www.antenascasanova.com\/es\/wp-json\/wp\/v2\/types\/page"}],"author":[{"embeddable":true,"href":"https:\/\/www.antenascasanova.com\/es\/wp-json\/wp\/v2\/users\/3"}],"replies":[{"embeddable":true,"href":"https:\/\/www.antenascasanova.com\/es\/wp-json\/wp\/v2\/comments?post=3764"}],"version-history":[{"count":2,"href":"https:\/\/www.antenascasanova.com\/es\/wp-json\/wp\/v2\/pages\/3764\/revisions"}],"predecessor-version":[{"id":4153,"href":"https:\/\/www.antenascasanova.com\/es\/wp-json\/wp\/v2\/pages\/3764\/revisions\/4153"}],"wp:attachment":[{"href":"https:\/\/www.antenascasanova.com\/es\/wp-json\/wp\/v2\/media?parent=3764"}],"curies":[{"name":"wp","href":"https:\/\/api.w.org\/{rel}","templated":true}]}}