{"id":3975,"date":"2025-11-13T07:35:18","date_gmt":"2025-11-13T07:35:18","guid":{"rendered":"https:\/\/www.antenascasanova.com\/gracias\/"},"modified":"2025-11-13T07:43:22","modified_gmt":"2025-11-13T07:43:22","slug":"gracias","status":"publish","type":"page","link":"https:\/\/www.antenascasanova.com\/es\/gracias\/","title":{"rendered":"Gracias"},"content":{"rendered":"\n<div class=\"wp-block-group alignfull has-text-color has-background is-layout-flow wp-block-group-is-layout-flow\" style=\"color:#000000;background-color:#ffffff\">\n<div style=\"height:64px\" aria-hidden=\"true\" class=\"wp-block-spacer\"><\/div>\n\n\n\n<h2 class=\"wp-block-heading has-text-align-center\" id=\"schedule-a-visit\" style=\"font-size:clamp(32.969px, 2.061rem + ((1vw - 3.2px) * 2.712), 59px);px;line-height:1.15\"><strong>Gracias por contactar con nosotros<\/strong><\/h2>\n\n\n\n<p class=\"has-text-align-center has-small-font-size\" style=\"line-height:.9\"><strong>EN MENOS DE 24 HORAS UNO DE NUESTROS AGENTES SE PONER\u00c1 EN CONTACTO<\/strong><\/p>\n\n\n\n<div class=\"wp-block-group alignfull has-base-2-background-color has-background has-global-padding is-layout-constrained wp-container-core-group-is-layout-4651deb1 wp-block-group-is-layout-constrained\" id=\"avantatges\" style=\"margin-top:0;margin-bottom:0;padding-top:var(--wp--preset--spacing--70);padding-bottom:var(--wp--preset--spacing--70)\">\n<div class=\"wp-block-columns alignwide is-layout-flex wp-container-core-columns-is-layout-08a2a807 wp-block-columns-is-layout-flex\">\n<div class=\"wp-block-column is-vertically-aligned-center is-layout-flow wp-block-column-is-layout-flow\">\n<figure class=\"wp-block-image size-full\"><img decoding=\"async\" width=\"650\" height=\"500\" src=\"https:\/\/www.antenascasanova.com\/wp-content\/uploads\/2025\/11\/ventajas.webp\" alt=\"Collage de im&#xE1;genes, garant&#xED;a de 5 a&#xF1;os, desplazamiento gratis, antenista urgente, instalaci&#xF3;n de sat&#xE9;lite\" class=\"wp-image-3613\" srcset=\"https:\/\/www.antenascasanova.com\/wp-content\/uploads\/2025\/11\/ventajas.webp 650w, https:\/\/www.antenascasanova.com\/wp-content\/uploads\/2025\/11\/ventajas-300x231.webp 300w\" sizes=\"(max-width: 650px) 100vw, 650px\" \/><\/figure>\n<\/div>\n\n\n\n<div class=\"wp-block-column is-vertically-aligned-center is-layout-flow wp-block-column-is-layout-flow\">\n<figure class=\"wp-block-image size-full\"><img decoding=\"async\" width=\"1300\" height=\"1000\" src=\"https:\/\/www.antenascasanova.com\/wp-content\/uploads\/2025\/11\/collage-de-serveis-gran.webp\" alt=\"\" class=\"wp-image-3970\" srcset=\"https:\/\/www.antenascasanova.com\/wp-content\/uploads\/2025\/11\/collage-de-serveis-gran.webp 1300w, https:\/\/www.antenascasanova.com\/wp-content\/uploads\/2025\/11\/collage-de-serveis-gran-300x231.webp 300w, https:\/\/www.antenascasanova.com\/wp-content\/uploads\/2025\/11\/collage-de-serveis-gran-1024x788.webp 1024w, https:\/\/www.antenascasanova.com\/wp-content\/uploads\/2025\/11\/collage-de-serveis-gran-768x591.webp 768w\" sizes=\"(max-width: 1300px) 100vw, 1300px\" \/><\/figure>\n<\/div>\n<\/div>\n<\/div>\n\n\n\n<div style=\"height:64px\" aria-hidden=\"true\" class=\"wp-block-spacer\"><\/div>\n<\/div>\n","protected":false},"excerpt":{"rendered":"<p>Gracias por contactar con nosotros EN MENOS DE 24 HORAS UNO DE NUESTROS AGENTES SE PONER\u00c1 EN CONTACTO<\/p>\n","protected":false},"author":3,"featured_media":0,"parent":0,"menu_order":0,"comment_status":"closed","ping_status":"closed","template":"page-no-title","meta":{"footnotes":""},"class_list":["post-3975","page","type-page","status-publish","hentry"],"yoast_head":"<!-- This site is optimized with the Yoast SEO Premium plugin v26.3 (Yoast SEO v26.6) - https:\/\/yoast.com\/wordpress\/plugins\/seo\/ -->\n<title>Gracias - Casanova Teleco<\/title>\n<meta name=\"robots\" content=\"index, follow, max-snippet:-1, max-image-preview:large, max-video-preview:-1\" \/>\n<link rel=\"canonical\" href=\"https:\/\/www.antenascasanova.com\/es\/gracias\/\" \/>\n<meta property=\"og:locale\" content=\"es_ES\" \/>\n<meta property=\"og:type\" content=\"article\" \/>\n<meta property=\"og:title\" content=\"Gracias\" \/>\n<meta property=\"og:description\" content=\"Gracias por contactar con nosotros EN MENOS DE 24 HORAS UNO DE NUESTROS AGENTES SE PONER\u00c1 EN CONTACTO\" \/>\n<meta property=\"og:url\" content=\"https:\/\/www.antenascasanova.com\/es\/gracias\/\" \/>\n<meta property=\"og:site_name\" content=\"Casanova Teleco\" \/>\n<meta property=\"article:modified_time\" content=\"2025-11-13T07:43:22+00:00\" \/>\n<meta property=\"og:image\" content=\"https:\/\/www.antenascasanova.com\/wp-content\/uploads\/2025\/11\/ventajas.webp\" \/>\n\t<meta property=\"og:image:width\" content=\"650\" \/>\n\t<meta property=\"og:image:height\" content=\"500\" \/>\n\t<meta property=\"og:image:type\" content=\"image\/webp\" \/>\n<script type=\"application\/ld+json\" class=\"yoast-schema-graph\">{\"@context\":\"https:\/\/schema.org\",\"@graph\":[{\"@type\":\"WebPage\",\"@id\":\"https:\/\/www.antenascasanova.com\/es\/gracias\/\",\"url\":\"https:\/\/www.antenascasanova.com\/es\/gracias\/\",\"name\":\"Gracias - Casanova Teleco\",\"isPartOf\":{\"@id\":\"https:\/\/www.antenascasanova.com\/es\/#website\"},\"primaryImageOfPage\":{\"@id\":\"https:\/\/www.antenascasanova.com\/es\/gracias\/#primaryimage\"},\"image\":{\"@id\":\"https:\/\/www.antenascasanova.com\/es\/gracias\/#primaryimage\"},\"thumbnailUrl\":\"https:\/\/www.antenascasanova.com\/wp-content\/uploads\/2025\/11\/ventajas.webp\",\"datePublished\":\"2025-11-13T07:35:18+00:00\",\"dateModified\":\"2025-11-13T07:43:22+00:00\",\"breadcrumb\":{\"@id\":\"https:\/\/www.antenascasanova.com\/es\/gracias\/#breadcrumb\"},\"inLanguage\":\"es\",\"potentialAction\":[{\"@type\":\"ReadAction\",\"target\":[\"https:\/\/www.antenascasanova.com\/es\/gracias\/\"]}]},{\"@type\":\"ImageObject\",\"inLanguage\":\"es\",\"@id\":\"https:\/\/www.antenascasanova.com\/es\/gracias\/#primaryimage\",\"url\":\"https:\/\/www.antenascasanova.com\/wp-content\/uploads\/2025\/11\/ventajas.webp\",\"contentUrl\":\"https:\/\/www.antenascasanova.com\/wp-content\/uploads\/2025\/11\/ventajas.webp\"},{\"@type\":\"BreadcrumbList\",\"@id\":\"https:\/\/www.antenascasanova.com\/es\/gracias\/#breadcrumb\",\"itemListElement\":[{\"@type\":\"ListItem\",\"position\":1,\"name\":\"Home\",\"item\":\"https:\/\/www.antenascasanova.com\/es\/\"},{\"@type\":\"ListItem\",\"position\":2,\"name\":\"Gracias\"}]},{\"@type\":\"WebSite\",\"@id\":\"https:\/\/www.antenascasanova.com\/es\/#website\",\"url\":\"https:\/\/www.antenascasanova.com\/es\/\",\"name\":\"Casanova Teleco\",\"description\":\"Instalaci\u00f3n y reparaci\u00f3n de antenas de todo tipo, TDT, porteros, video porteros, cctv, controles de acceso, alarmas y dom\u00f3tica\",\"publisher\":{\"@id\":\"https:\/\/www.antenascasanova.com\/es\/#organization\"},\"potentialAction\":[{\"@type\":\"SearchAction\",\"target\":{\"@type\":\"EntryPoint\",\"urlTemplate\":\"https:\/\/www.antenascasanova.com\/es\/?s={search_term_string}\"},\"query-input\":{\"@type\":\"PropertyValueSpecification\",\"valueRequired\":true,\"valueName\":\"search_term_string\"}}],\"inLanguage\":\"es\"},{\"@type\":\"Organization\",\"@id\":\"https:\/\/www.antenascasanova.com\/es\/#organization\",\"name\":\"Casanova Teleco\",\"url\":\"https:\/\/www.antenascasanova.com\/es\/\",\"logo\":{\"@type\":\"ImageObject\",\"inLanguage\":\"es\",\"@id\":\"https:\/\/www.antenascasanova.com\/es\/#\/schema\/logo\/image\/\",\"url\":\"https:\/\/www.antenascasanova.com\/wp-content\/uploads\/2025\/05\/Antenas-Casanova.png\",\"contentUrl\":\"https:\/\/www.antenascasanova.com\/wp-content\/uploads\/2025\/05\/Antenas-Casanova.png\",\"width\":487,\"height\":195,\"caption\":\"Casanova Teleco\"},\"image\":{\"@id\":\"https:\/\/www.antenascasanova.com\/es\/#\/schema\/logo\/image\/\"}}]}<\/script>\n<!-- \/ Yoast SEO Premium plugin. -->","yoast_head_json":{"title":"Gracias - Casanova Teleco","robots":{"index":"index","follow":"follow","max-snippet":"max-snippet:-1","max-image-preview":"max-image-preview:large","max-video-preview":"max-video-preview:-1"},"canonical":"https:\/\/www.antenascasanova.com\/es\/gracias\/","og_locale":"es_ES","og_type":"article","og_title":"Gracias","og_description":"Gracias por contactar con nosotros EN MENOS DE 24 HORAS UNO DE NUESTROS AGENTES SE PONER\u00c1 EN CONTACTO","og_url":"https:\/\/www.antenascasanova.com\/es\/gracias\/","og_site_name":"Casanova Teleco","article_modified_time":"2025-11-13T07:43:22+00:00","og_image":[{"width":650,"height":500,"url":"https:\/\/www.antenascasanova.com\/wp-content\/uploads\/2025\/11\/ventajas.webp","type":"image\/webp"}],"schema":{"@context":"https:\/\/schema.org","@graph":[{"@type":"WebPage","@id":"https:\/\/www.antenascasanova.com\/es\/gracias\/","url":"https:\/\/www.antenascasanova.com\/es\/gracias\/","name":"Gracias - Casanova Teleco","isPartOf":{"@id":"https:\/\/www.antenascasanova.com\/es\/#website"},"primaryImageOfPage":{"@id":"https:\/\/www.antenascasanova.com\/es\/gracias\/#primaryimage"},"image":{"@id":"https:\/\/www.antenascasanova.com\/es\/gracias\/#primaryimage"},"thumbnailUrl":"https:\/\/www.antenascasanova.com\/wp-content\/uploads\/2025\/11\/ventajas.webp","datePublished":"2025-11-13T07:35:18+00:00","dateModified":"2025-11-13T07:43:22+00:00","breadcrumb":{"@id":"https:\/\/www.antenascasanova.com\/es\/gracias\/#breadcrumb"},"inLanguage":"es","potentialAction":[{"@type":"ReadAction","target":["https:\/\/www.antenascasanova.com\/es\/gracias\/"]}]},{"@type":"ImageObject","inLanguage":"es","@id":"https:\/\/www.antenascasanova.com\/es\/gracias\/#primaryimage","url":"https:\/\/www.antenascasanova.com\/wp-content\/uploads\/2025\/11\/ventajas.webp","contentUrl":"https:\/\/www.antenascasanova.com\/wp-content\/uploads\/2025\/11\/ventajas.webp"},{"@type":"BreadcrumbList","@id":"https:\/\/www.antenascasanova.com\/es\/gracias\/#breadcrumb","itemListElement":[{"@type":"ListItem","position":1,"name":"Home","item":"https:\/\/www.antenascasanova.com\/es\/"},{"@type":"ListItem","position":2,"name":"Gracias"}]},{"@type":"WebSite","@id":"https:\/\/www.antenascasanova.com\/es\/#website","url":"https:\/\/www.antenascasanova.com\/es\/","name":"Casanova Teleco","description":"Instalaci\u00f3n y reparaci\u00f3n de antenas de todo tipo, TDT, porteros, video porteros, cctv, controles de acceso, alarmas y dom\u00f3tica","publisher":{"@id":"https:\/\/www.antenascasanova.com\/es\/#organization"},"potentialAction":[{"@type":"SearchAction","target":{"@type":"EntryPoint","urlTemplate":"https:\/\/www.antenascasanova.com\/es\/?s={search_term_string}"},"query-input":{"@type":"PropertyValueSpecification","valueRequired":true,"valueName":"search_term_string"}}],"inLanguage":"es"},{"@type":"Organization","@id":"https:\/\/www.antenascasanova.com\/es\/#organization","name":"Casanova Teleco","url":"https:\/\/www.antenascasanova.com\/es\/","logo":{"@type":"ImageObject","inLanguage":"es","@id":"https:\/\/www.antenascasanova.com\/es\/#\/schema\/logo\/image\/","url":"https:\/\/www.antenascasanova.com\/wp-content\/uploads\/2025\/05\/Antenas-Casanova.png","contentUrl":"https:\/\/www.antenascasanova.com\/wp-content\/uploads\/2025\/05\/Antenas-Casanova.png","width":487,"height":195,"caption":"Casanova Teleco"},"image":{"@id":"https:\/\/www.antenascasanova.com\/es\/#\/schema\/logo\/image\/"}}]}},"_links":{"self":[{"href":"https:\/\/www.antenascasanova.com\/es\/wp-json\/wp\/v2\/pages\/3975","targetHints":{"allow":["GET"]}}],"collection":[{"href":"https:\/\/www.antenascasanova.com\/es\/wp-json\/wp\/v2\/pages"}],"about":[{"href":"https:\/\/www.antenascasanova.com\/es\/wp-json\/wp\/v2\/types\/page"}],"author":[{"embeddable":true,"href":"https:\/\/www.antenascasanova.com\/es\/wp-json\/wp\/v2\/users\/3"}],"replies":[{"embeddable":true,"href":"https:\/\/www.antenascasanova.com\/es\/wp-json\/wp\/v2\/comments?post=3975"}],"version-history":[{"count":3,"href":"https:\/\/www.antenascasanova.com\/es\/wp-json\/wp\/v2\/pages\/3975\/revisions"}],"predecessor-version":[{"id":3978,"href":"https:\/\/www.antenascasanova.com\/es\/wp-json\/wp\/v2\/pages\/3975\/revisions\/3978"}],"wp:attachment":[{"href":"https:\/\/www.antenascasanova.com\/es\/wp-json\/wp\/v2\/media?parent=3975"}],"curies":[{"name":"wp","href":"https:\/\/api.w.org\/{rel}","templated":true}]}}